{"id":3667,"date":"2026-02-08T16:41:42","date_gmt":"2026-02-08T15:41:42","guid":{"rendered":"https:\/\/red-onion-jazzband.de\/?page_id=3667"},"modified":"2026-02-08T16:42:08","modified_gmt":"2026-02-08T15:42:08","slug":"klaus-diemer","status":"publish","type":"page","link":"https:\/\/red-onion-jazzband.de\/?page_id=3667","title":{"rendered":"Klaus Diemer"},"content":{"rendered":"\n<p>eigentlich h\u00e4tten es die Eltern von Klaus gerne gesehen, dass er in der klassischen Musik Fu\u00df fassen w\u00fcrde. Doch zu seinem und dem Gl\u00fcck seiner Klavierlehrerin, die 7 Jahre unter seinem Klavierspiel gelitten haben soll, wurde er in den 50-Jahren vom Dixieland-Bazillus infiziert, der zu dieser Zeit an den K\u00f6lner Gymnasien grassierte.<br>Wegen des eigenwilligen Aussehens und des seltsamen Klanges kaufte Klaus sich ein Tenorbanjo. Der Einstieg in die Jazz-Szene gelang ihm aber erst 1990 mit 49 Jahren als &#8222;Sp\u00e4tberufener&#8220; beim <strong><em>Jolly Jazz Orchestra<\/em>, D\u00fcsseldorf.<\/strong><br>Seitdem hat er erfolgreich bei verschiedenen Jazzbands gespielt, unter anderem bei den <strong><em>Dreamboat Ramblers<\/em><\/strong>, Stolberg, der <strong><em>Cologne Jass Society<\/em><\/strong>, K\u00f6ln, den <strong><em>Papa Joe&#8217;s Jazzmen<\/em><\/strong>, K\u00f6ln und der <em><strong>Hot Pepper Jazz Band<\/strong><\/em>, Bonn.<\/p>\n\n\n\n<p>Seit dem 01.08.2025 ist er ein festes Mitglied der <strong><em>Red Onion Hot Jazz<\/em><\/strong>, K\u00f6ln.<\/p>\n\n\n\n<figure class=\"wp-block-image size-large\"><a href=\"https:\/\/red-onion-jazzband.de\/wp-content\/uploads\/2026\/02\/87d7ce32-d297-4ebf-af47-49f94e40de36-2.jpg\"><img loading=\"lazy\" decoding=\"async\" width=\"725\" height=\"1024\" src=\"https:\/\/red-onion-jazzband.de\/wp-content\/uploads\/2026\/02\/87d7ce32-d297-4ebf-af47-49f94e40de36-2-725x1024.jpg\" alt=\"\" class=\"wp-image-3669\" srcset=\"https:\/\/red-onion-jazzband.de\/wp-content\/uploads\/2026\/02\/87d7ce32-d297-4ebf-af47-49f94e40de36-2-725x1024.jpg 725w, https:\/\/red-onion-jazzband.de\/wp-content\/uploads\/2026\/02\/87d7ce32-d297-4ebf-af47-49f94e40de36-2-212x300.jpg 212w, https:\/\/red-onion-jazzband.de\/wp-content\/uploads\/2026\/02\/87d7ce32-d297-4ebf-af47-49f94e40de36-2.jpg 738w\" sizes=\"auto, (max-width: 725px) 100vw, 725px\" \/><\/a><\/figure>\n","protected":false},"excerpt":{"rendered":"<p>eigentlich h\u00e4tten es die Eltern von Klaus gerne gesehen, dass er in der klassischen Musik Fu\u00df fassen w\u00fcrde. Doch zu seinem und dem Gl\u00fcck seiner Klavierlehrerin, die 7 Jahre unter<a href=\"https:\/\/red-onion-jazzband.de\/?page_id=3667\" class=\"more-link\"><span class=\"readmore\">Continue reading<span class=\"screen-reader-text\">Klaus Diemer<\/span><\/span><\/a><\/p>\n","protected":false},"author":8,"featured_media":0,"parent":3469,"menu_order":0,"comment_status":"closed","ping_status":"closed","template":"","meta":{"footnotes":""},"class_list":["post-3667","page","type-page","status-publish","hentry"],"_links":{"self":[{"href":"https:\/\/red-onion-jazzband.de\/index.php?rest_route=\/wp\/v2\/pages\/3667","targetHints":{"allow":["GET"]}}],"collection":[{"href":"https:\/\/red-onion-jazzband.de\/index.php?rest_route=\/wp\/v2\/pages"}],"about":[{"href":"https:\/\/red-onion-jazzband.de\/index.php?rest_route=\/wp\/v2\/types\/page"}],"author":[{"embeddable":true,"href":"https:\/\/red-onion-jazzband.de\/index.php?rest_route=\/wp\/v2\/users\/8"}],"replies":[{"embeddable":true,"href":"https:\/\/red-onion-jazzband.de\/index.php?rest_route=%2Fwp%2Fv2%2Fcomments&post=3667"}],"version-history":[{"count":1,"href":"https:\/\/red-onion-jazzband.de\/index.php?rest_route=\/wp\/v2\/pages\/3667\/revisions"}],"predecessor-version":[{"id":3670,"href":"https:\/\/red-onion-jazzband.de\/index.php?rest_route=\/wp\/v2\/pages\/3667\/revisions\/3670"}],"up":[{"embeddable":true,"href":"https:\/\/red-onion-jazzband.de\/index.php?rest_route=\/wp\/v2\/pages\/3469"}],"wp:attachment":[{"href":"https:\/\/red-onion-jazzband.de\/index.php?rest_route=%2Fwp%2Fv2%2Fmedia&parent=3667"}],"curies":[{"name":"wp","href":"https:\/\/api.w.org\/{rel}","templated":true}]}}