{"id":3547,"date":"2024-05-21T20:51:02","date_gmt":"2024-05-21T19:51:02","guid":{"rendered":"https:\/\/red-onion-jazzband.de\/?page_id=3547"},"modified":"2024-05-21T20:51:03","modified_gmt":"2024-05-21T19:51:03","slug":"martin-langer","status":"publish","type":"page","link":"https:\/\/red-onion-jazzband.de\/?page_id=3547","title":{"rendered":"Martin Langer"},"content":{"rendered":"\n<p class=\"has-white-color has-text-color has-link-color wp-elements-be1ab7dc471a321db7a4d522d3e9f2c4\">Mein Vater und mein \u00e4lterer Bruder spielten schon Blechblasinstrumente, solange ich mich zur\u00fcck erinnern kann. Sehr zum Leidwesen meiner Eltern und deren Nachbarn hatte ich also schon im zarten Kindesalter Gelegenheit, mich an Blechblasinstrumenten von der Trompete \u00fcber diverse H\u00f6rner unterschiedlicher Gr\u00f6\u00dfen und Posaune bis zur Tuba mit ebenso unterschiedlichem Erfolg auszuprobieren. Eine ebenfalls vorhandene Klarinette interessierte mich weniger\u2026<\/p>\n\n\n\n<p class=\"has-white-color has-text-color has-link-color wp-elements-23a355212fe8ae12ac1e194e1f72e2cd\">In dem Blasorchester, in dem ich mittlerweile mit meinem Bruder und Vater mitspielte, gab es einen Trompeter, der in den 50er, 60er und 70er Jahren eine bekannte Jazzband leitete und der mir und meinem Umgang mit der Tuba sehr wohlgesonnen war. Eines Abends klingelt\u2019s bei uns zu Hause \u2013 ich stand kurz vor dem Abitur \u2013 und eben dieser Trompeter dr\u00fcckte mir einen Kontrabass in die Hand. Darauf sollte ich nun \u00fcben und anschlie\u00dfend in seine Band einsteigen. Wie man sich denken kann, fiel meine Abiturnote nicht besonders gut aus, nur die 15 Punkte in \u201eMusik\u201c haben mich gerettet\u2026<\/p>\n\n\n\n<p class=\"has-white-color has-text-color has-link-color wp-elements-37222430c23bead2cfc53765ba674c7f\">Es folgten Mitgliedschaften in diversen Jazzbands, manche \u00fcberdauerten Jahrzehnte, andere nicht so lange, einige dauern bis heute an, z.B Seatown Seven, Dixie Slickers, Marmadukes, Cartwheelers, Sean Moyses Rhythm Boys, Dixie Devils, Swing Kabarett Revue, Die goldenen Syncopators und einige andere mehr. Dazu kamen sehr viele Vertretungsjobs f\u00fcr andere Bassisten, manchmal auch mit Bands, die ich noch nie geh\u00f6rt hatte. Das war manchmal ganz sch\u00f6n spannend.<\/p>\n\n\n\n<p class=\"has-white-color has-text-color has-link-color wp-elements-9fc2aab2da8f68ab8456b6eb8296f423\">Irgendwann&nbsp;&nbsp;&#8211; Volkmar sagt, es sind jetzt 20 Jahre &#8211; stie\u00df ich dann auf die RED ONION HOT JAZZ und begann, Arrangements nach alten und heute selten gespielten original Schellack Aufnahmen zu schreiben. Das Ergebnis ist auf den letzten zwei CD der ROHJ zu h\u00f6ren, die unten in der Diskographie zu finden sind.<\/p>\n\n\n<div class=\"wp-block-image\">\n<figure class=\"aligncenter size-large is-resized\"><a href=\"https:\/\/red-onion-jazzband.de\/wp-content\/uploads\/2022\/12\/Martin-2-scaled-e1716320961112.jpg\"><img loading=\"lazy\" decoding=\"async\" width=\"1024\" height=\"809\" src=\"https:\/\/red-onion-jazzband.de\/wp-content\/uploads\/2022\/12\/Martin-2-scaled-e1716320961112-1024x809.jpg\" alt=\"\" class=\"wp-image-3293\" style=\"width:605px;height:auto\" srcset=\"https:\/\/red-onion-jazzband.de\/wp-content\/uploads\/2022\/12\/Martin-2-scaled-e1716320961112-1024x809.jpg 1024w, https:\/\/red-onion-jazzband.de\/wp-content\/uploads\/2022\/12\/Martin-2-scaled-e1716320961112-300x237.jpg 300w, https:\/\/red-onion-jazzband.de\/wp-content\/uploads\/2022\/12\/Martin-2-scaled-e1716320961112-768x607.jpg 768w, https:\/\/red-onion-jazzband.de\/wp-content\/uploads\/2022\/12\/Martin-2-scaled-e1716320961112-1536x1213.jpg 1536w, https:\/\/red-onion-jazzband.de\/wp-content\/uploads\/2022\/12\/Martin-2-scaled-e1716320961112-2048x1617.jpg 2048w\" sizes=\"auto, (max-width: 1024px) 100vw, 1024px\" \/><\/a><\/figure><\/div>\n\n\n<p class=\"has-white-color has-text-color has-link-color wp-elements-3e5c036e7bfc11909d1c1394001aa557\">Diskographie:<\/p>\n\n\n\n<p class=\"has-white-color has-text-color has-link-color wp-elements-caf734e442663d30c96e91b0c10c4eed\">SEATOWN SEVEN:&nbsp;&nbsp;&nbsp;&nbsp;&nbsp;&nbsp;&nbsp;&nbsp;&nbsp;1 LP, 3 CD, 1 Musikkassette (auch sowas gab es mal), diverse Sampler&nbsp;&nbsp;&nbsp;<\/p>\n\n\n\n<p class=\"has-white-color has-text-color has-link-color wp-elements-34f2cdd564e45a3f4c11c8382ef3d135\">HENNING POWER\u2019s NEW ORLEANS WANDERERS:&nbsp;&nbsp;1 CD als Gast<\/p>\n\n\n\n<p class=\"has-white-color has-text-color has-link-color wp-elements-6e51ccc42b58de711511bb4abcb7db56\">THE BOURBON STREET STOMPERS:&nbsp;&nbsp;1 CD als Gast<\/p>\n\n\n\n<p class=\"has-white-color has-text-color has-link-color wp-elements-c38e7a711526111166acd1078a598bc8\">DIXIE DEVILS:&nbsp;&nbsp;&nbsp;&nbsp;&nbsp;&nbsp;&nbsp;&nbsp;&nbsp;&nbsp;&nbsp;&nbsp;&nbsp;&nbsp;&nbsp;&nbsp;&nbsp;&nbsp;&nbsp;&nbsp;&nbsp;&nbsp;&nbsp;&nbsp;&nbsp;&nbsp;&nbsp;1 CD<\/p>\n\n\n\n<p class=\"has-white-color has-text-color has-link-color wp-elements-0a8a623c69e6d85ad2547f987ba38961\">SWING KABARETT REVUE:&nbsp;&nbsp;&nbsp;&nbsp;&nbsp;&nbsp;&nbsp;&nbsp;&nbsp;3 CD,&nbsp;&nbsp;3 prof. Youtube Videos<\/p>\n\n\n\n<p class=\"has-white-color has-text-color has-link-color wp-elements-ba4cdd1e2440df861b23245ef855bacb\">DIXIE SLICKERS:&nbsp;&nbsp;&nbsp;&nbsp;&nbsp;&nbsp;&nbsp;&nbsp;&nbsp;&nbsp;&nbsp;&nbsp;&nbsp;&nbsp;&nbsp;&nbsp;&nbsp;&nbsp;&nbsp;&nbsp;&nbsp;&nbsp;&nbsp;&nbsp;&nbsp;1 CD&nbsp;&nbsp;&nbsp;&nbsp;&nbsp;<\/p>\n\n\n\n<p class=\"has-white-color has-text-color has-link-color wp-elements-3c3f7d3d38dd1fb9cdee34ceb043e376\">RED ONION HOT JAZZ:&nbsp;&nbsp;&nbsp;&nbsp;&nbsp;&nbsp;&nbsp;&nbsp;&nbsp;&nbsp;&nbsp;&nbsp;&nbsp;&nbsp;2007&nbsp;&nbsp;&nbsp;&nbsp;Friday Night Jazz&nbsp;&nbsp;&nbsp;&nbsp;&nbsp;&nbsp;&nbsp;&nbsp;&nbsp;&nbsp;&nbsp;(vergriffen)<\/p>\n\n\n\n<p class=\"has-white-color has-text-color has-link-color wp-elements-7f92fa83788e69beb5ed5ba5d7260bea\">&nbsp;&nbsp;&nbsp;&nbsp;&nbsp;&nbsp;&nbsp;&nbsp;&nbsp;&nbsp;&nbsp;&nbsp;&nbsp;&nbsp;&nbsp;&nbsp;&nbsp;&nbsp;&nbsp;&nbsp;&nbsp;&nbsp;&nbsp;&nbsp;&nbsp;&nbsp;&nbsp;&nbsp;&nbsp;&nbsp;&nbsp;&nbsp;&nbsp;&nbsp;&nbsp;&nbsp;&nbsp;&nbsp;&nbsp;&nbsp;&nbsp;&nbsp;&nbsp;&nbsp;&nbsp;&nbsp;&nbsp;2019&nbsp;&nbsp;&nbsp;&nbsp;Keyhole Blues<\/p>\n\n\n\n<p class=\"has-white-color has-text-color has-link-color wp-elements-665d2a81b184ce61d114b859e4d5525e\">&nbsp;&nbsp;&nbsp;&nbsp;&nbsp;&nbsp;&nbsp;&nbsp;&nbsp;&nbsp;&nbsp;&nbsp;&nbsp;&nbsp;&nbsp;&nbsp;&nbsp;&nbsp;&nbsp;&nbsp;&nbsp;&nbsp;&nbsp;&nbsp;&nbsp;&nbsp;&nbsp;&nbsp;&nbsp;&nbsp;&nbsp;&nbsp;&nbsp;&nbsp;&nbsp;&nbsp;&nbsp;&nbsp;&nbsp;&nbsp;&nbsp;&nbsp;&nbsp;&nbsp;&nbsp;&nbsp;&nbsp;2022&nbsp;&nbsp;&nbsp;&nbsp;Muleface Blues<\/p>\n","protected":false},"excerpt":{"rendered":"<p>Mein Vater und mein \u00e4lterer Bruder spielten schon Blechblasinstrumente, solange ich mich zur\u00fcck erinnern kann. Sehr zum Leidwesen meiner Eltern und deren Nachbarn hatte ich also schon im zarten Kindesalter<a href=\"https:\/\/red-onion-jazzband.de\/?page_id=3547\" class=\"more-link\"><span class=\"readmore\">Continue reading<span class=\"screen-reader-text\">Martin Langer<\/span><\/span><\/a><\/p>\n","protected":false},"author":8,"featured_media":0,"parent":3469,"menu_order":0,"comment_status":"closed","ping_status":"closed","template":"","meta":{"footnotes":""},"class_list":["post-3547","page","type-page","status-publish","hentry"],"_links":{"self":[{"href":"https:\/\/red-onion-jazzband.de\/index.php?rest_route=\/wp\/v2\/pages\/3547","targetHints":{"allow":["GET"]}}],"collection":[{"href":"https:\/\/red-onion-jazzband.de\/index.php?rest_route=\/wp\/v2\/pages"}],"about":[{"href":"https:\/\/red-onion-jazzband.de\/index.php?rest_route=\/wp\/v2\/types\/page"}],"author":[{"embeddable":true,"href":"https:\/\/red-onion-jazzband.de\/index.php?rest_route=\/wp\/v2\/users\/8"}],"replies":[{"embeddable":true,"href":"https:\/\/red-onion-jazzband.de\/index.php?rest_route=%2Fwp%2Fv2%2Fcomments&post=3547"}],"version-history":[{"count":1,"href":"https:\/\/red-onion-jazzband.de\/index.php?rest_route=\/wp\/v2\/pages\/3547\/revisions"}],"predecessor-version":[{"id":3548,"href":"https:\/\/red-onion-jazzband.de\/index.php?rest_route=\/wp\/v2\/pages\/3547\/revisions\/3548"}],"up":[{"embeddable":true,"href":"https:\/\/red-onion-jazzband.de\/index.php?rest_route=\/wp\/v2\/pages\/3469"}],"wp:attachment":[{"href":"https:\/\/red-onion-jazzband.de\/index.php?rest_route=%2Fwp%2Fv2%2Fmedia&parent=3547"}],"curies":[{"name":"wp","href":"https:\/\/api.w.org\/{rel}","templated":true}]}}