{"id":3490,"date":"2024-05-16T11:14:03","date_gmt":"2024-05-16T10:14:03","guid":{"rendered":"https:\/\/red-onion-jazzband.de\/?page_id=3490"},"modified":"2026-02-08T16:31:56","modified_gmt":"2026-02-08T15:31:56","slug":"volkmar-trueb","status":"publish","type":"page","link":"https:\/\/red-onion-jazzband.de\/?page_id=3490","title":{"rendered":"Volkmar Tr\u00fcb"},"content":{"rendered":"\n<p class=\"has-white-color has-text-color has-link-color wp-elements-255398cba39d04379dc0d1456686d637\"><strong>Gr\u00fcndungsmitglied von Red Onion Hot Jazz 2004.<\/strong><\/p>\n\n\n\n<p class=\"has-white-color has-text-color has-link-color wp-elements-56a852eaf41eb52991ec9d095c9bbab0\">\u00a0<strong>Am Anfang hatte ich ein geschenktes Banjo in der Hand, viele Jazz begeisterte und zum Teil spielende Mitsch\u00fcler sowie einen Musiklehrer am Gymnasium Schauertestra\u00dfe in K\u00f6ln Deutz, der Jazz und Blues zum Unterrichtsgegenstand machte \u2013 f\u00fcr die sp\u00e4ten 50er und fr\u00fchen 60er Jahre fast sensationell.<br>Was folgte, waren Sessions zu zweit auf den Poller Wiesen in K\u00f6ln, wo die aus der Grifftabelle rausgepickten Harmonien praktisch erprobt wurden (der arme Trompeter!!).<br>Einige Zeit sp\u00e4ter waren die richtigen Musiker zum richtigen Zeitpunkt an der richtigen Stelle. Ich fand, dass der klassische New Orleans Jazz mein \u201eDing\u201c ist, und es bildeten sich Freundschaften, die \u00fcber die Musik weit hinaus reich(t)en. Nicht wenige davon haben bis heute Bestand. Daf\u00fcr bin ich dankbar! <\/strong><\/p>\n\n\n<div class=\"wp-block-image\">\n<figure class=\"aligncenter size-large is-resized\"><a href=\"https:\/\/red-onion-jazzband.de\/wp-content\/uploads\/2022\/12\/Volkmar-8-scaled.jpg\"><img loading=\"lazy\" decoding=\"async\" width=\"1024\" height=\"768\" src=\"https:\/\/red-onion-jazzband.de\/wp-content\/uploads\/2022\/12\/Volkmar-8-1024x768.jpg\" alt=\"\" class=\"wp-image-3288\" style=\"width:644px;height:auto\" srcset=\"https:\/\/red-onion-jazzband.de\/wp-content\/uploads\/2022\/12\/Volkmar-8-1024x768.jpg 1024w, https:\/\/red-onion-jazzband.de\/wp-content\/uploads\/2022\/12\/Volkmar-8-300x225.jpg 300w, https:\/\/red-onion-jazzband.de\/wp-content\/uploads\/2022\/12\/Volkmar-8-768x576.jpg 768w, https:\/\/red-onion-jazzband.de\/wp-content\/uploads\/2022\/12\/Volkmar-8-1536x1152.jpg 1536w, https:\/\/red-onion-jazzband.de\/wp-content\/uploads\/2022\/12\/Volkmar-8-2048x1536.jpg 2048w\" sizes=\"auto, (max-width: 1024px) 100vw, 1024px\" \/><\/a><\/figure><\/div>\n\n\n<p class=\"has-white-color has-text-color has-link-color wp-elements-8485cba02f9d3748728c05a7f390494e\"><strong>Bands<\/strong>:<br><strong>Red Onion Hot Jazz (NRW, Rheinland-Pfalz), Hot Pepper Jazzband (Bonn) Down Town Jazzband (K\u00f6ln), &nbsp;Storyville Jazzband (K\u00f6ln), Henning Paur\u2019s New Orleans Wanderers (NRW)<\/strong><\/p>\n\n\n\n<p class=\"has-white-color has-text-color has-link-color wp-elements-c449957c54e63409ea8b00092b63615f\"><strong>Discographie: King Joe \u2013 100 Jahre Joe \u201eKing\u201c Oliver (Henning Paur\u2019s New Orleans Wanderers, Vinyl 1985), Friday Night Jazz Live auf Schloss Bedburg (Red Onion Jazzband 2005), Men Of Steam (The Bourbon Street Stompers 2011), Jazzclub M\u00fclheim\/Ruhr 2014 (DVD, Red Onion Hot Jazz), Keyhole Blues (Red Onion Hot Jazz 2019), Muleface Blues (Red Onion Hot Jazz 2022)<\/strong><br><\/p>\n","protected":false},"excerpt":{"rendered":"<p>Gr\u00fcndungsmitglied von Red Onion Hot Jazz 2004. \u00a0Am Anfang hatte ich ein geschenktes Banjo in der Hand, viele Jazz begeisterte und zum Teil spielende Mitsch\u00fcler sowie einen Musiklehrer am Gymnasium<a href=\"https:\/\/red-onion-jazzband.de\/?page_id=3490\" class=\"more-link\"><span class=\"readmore\">Continue reading<span class=\"screen-reader-text\">Volkmar Tr\u00fcb<\/span><\/span><\/a><\/p>\n","protected":false},"author":8,"featured_media":0,"parent":3469,"menu_order":0,"comment_status":"closed","ping_status":"closed","template":"","meta":{"footnotes":""},"class_list":["post-3490","page","type-page","status-publish","hentry"],"_links":{"self":[{"href":"https:\/\/red-onion-jazzband.de\/index.php?rest_route=\/wp\/v2\/pages\/3490","targetHints":{"allow":["GET"]}}],"collection":[{"href":"https:\/\/red-onion-jazzband.de\/index.php?rest_route=\/wp\/v2\/pages"}],"about":[{"href":"https:\/\/red-onion-jazzband.de\/index.php?rest_route=\/wp\/v2\/types\/page"}],"author":[{"embeddable":true,"href":"https:\/\/red-onion-jazzband.de\/index.php?rest_route=\/wp\/v2\/users\/8"}],"replies":[{"embeddable":true,"href":"https:\/\/red-onion-jazzband.de\/index.php?rest_route=%2Fwp%2Fv2%2Fcomments&post=3490"}],"version-history":[{"count":4,"href":"https:\/\/red-onion-jazzband.de\/index.php?rest_route=\/wp\/v2\/pages\/3490\/revisions"}],"predecessor-version":[{"id":3560,"href":"https:\/\/red-onion-jazzband.de\/index.php?rest_route=\/wp\/v2\/pages\/3490\/revisions\/3560"}],"up":[{"embeddable":true,"href":"https:\/\/red-onion-jazzband.de\/index.php?rest_route=\/wp\/v2\/pages\/3469"}],"wp:attachment":[{"href":"https:\/\/red-onion-jazzband.de\/index.php?rest_route=%2Fwp%2Fv2%2Fmedia&parent=3490"}],"curies":[{"name":"wp","href":"https:\/\/api.w.org\/{rel}","templated":true}]}}