{"id":3486,"date":"2024-05-16T11:10:04","date_gmt":"2024-05-16T10:10:04","guid":{"rendered":"https:\/\/red-onion-jazzband.de\/?page_id=3486"},"modified":"2024-05-16T11:36:22","modified_gmt":"2024-05-16T10:36:22","slug":"elmar-feldmann","status":"publish","type":"page","link":"https:\/\/red-onion-jazzband.de\/?page_id=3486","title":{"rendered":"Elmar Feldmann"},"content":{"rendered":"\n<p class=\"has-white-color has-text-color has-link-color wp-elements-289dbec50e61556dfc4c253b41153224\"><strong>Ich stamme aus dem Dorf Oberkirchen im Sauerland. Zun\u00e4chst spielte ich Posaune in der lokalen Blaskapelle meines Heimatdorfes. Nach dem Besuch von Workshops bei der Musikschule Bonn fand ich meine Vorliebe f\u00fcr den klassischen Jazz. Seit den fr\u00fchen 80er Jahren bin ich aktiv als Posaunist in diesem Stil, zun\u00e4chst bei Henning Paur\u2019s New Orleans Wanderers und seit 2004 als Gr\u00fcndungsmitglied von Red Onion Hot Jazz.<\/strong><\/p>\n\n\n<div class=\"wp-block-image\">\n<figure class=\"aligncenter size-large is-resized\"><a href=\"https:\/\/red-onion-jazzband.de\/wp-content\/uploads\/2022\/12\/Elmar-1-scaled.jpg\"><img loading=\"lazy\" decoding=\"async\" width=\"1024\" height=\"768\" src=\"https:\/\/red-onion-jazzband.de\/wp-content\/uploads\/2022\/12\/Elmar-1-1024x768.jpg\" alt=\"\" class=\"wp-image-3291\" style=\"width:709px;height:auto\" srcset=\"https:\/\/red-onion-jazzband.de\/wp-content\/uploads\/2022\/12\/Elmar-1-1024x768.jpg 1024w, https:\/\/red-onion-jazzband.de\/wp-content\/uploads\/2022\/12\/Elmar-1-300x225.jpg 300w, https:\/\/red-onion-jazzband.de\/wp-content\/uploads\/2022\/12\/Elmar-1-768x576.jpg 768w, https:\/\/red-onion-jazzband.de\/wp-content\/uploads\/2022\/12\/Elmar-1-1536x1152.jpg 1536w, https:\/\/red-onion-jazzband.de\/wp-content\/uploads\/2022\/12\/Elmar-1-2048x1536.jpg 2048w\" sizes=\"auto, (max-width: 1024px) 100vw, 1024px\" \/><\/a><\/figure><\/div>\n\n\n<p class=\"has-white-color has-text-color has-link-color wp-elements-ec699af2730b7054e7f158a0db982740\"><strong>Bands:<\/strong><\/p>\n\n\n\n<p class=\"has-white-color has-text-color has-link-color wp-elements-7dd979188fdce0e9113bc65d164c6428\">Red Onion Jazzband (Red Onion Hotjazz), The Marmadukes, Bigband Shake (Viersen), Henning Paur\u2019s New Orleans Wanderers, Swing Cats (Schmallenberg)<\/p>\n\n\n\n<p class=\"has-white-color has-text-color has-link-color wp-elements-c3be26039a07a9e532e9d3e8fe6958ca\"><strong>Diskographie:<\/strong><\/p>\n\n\n\n<p class=\"has-white-color has-text-color has-link-color wp-elements-6acf5c480561164d5cad0faf3e074279\">King Joe (100 Jahre Joe \u201eKing\u201c Oliver, Henning Paur\u2019s New Orleans Wanderers 1985 Vinyl), Friday Night Jazz Live auf Schloss Bedburg (Red Onion Jazzband 2005), Men Of Steam (The Bourbon Street Stompers 2011), Live im Jazzclub M\u00fclheim\/Ruhr (DVD Red Onion Hot Jazz 2014), Keyhole Blues (Red Onion Hot Jazz 2019), Muleface Blues (Red Onion Hot Jazz 2022)<\/p>\n","protected":false},"excerpt":{"rendered":"<p>Ich stamme aus dem Dorf Oberkirchen im Sauerland. Zun\u00e4chst spielte ich Posaune in der lokalen Blaskapelle meines Heimatdorfes. Nach dem Besuch von Workshops bei der Musikschule Bonn fand ich meine<a href=\"https:\/\/red-onion-jazzband.de\/?page_id=3486\" class=\"more-link\"><span class=\"readmore\">Continue reading<span class=\"screen-reader-text\">Elmar Feldmann<\/span><\/span><\/a><\/p>\n","protected":false},"author":8,"featured_media":0,"parent":3469,"menu_order":0,"comment_status":"closed","ping_status":"closed","template":"","meta":{"footnotes":""},"class_list":["post-3486","page","type-page","status-publish","hentry"],"_links":{"self":[{"href":"https:\/\/red-onion-jazzband.de\/index.php?rest_route=\/wp\/v2\/pages\/3486","targetHints":{"allow":["GET"]}}],"collection":[{"href":"https:\/\/red-onion-jazzband.de\/index.php?rest_route=\/wp\/v2\/pages"}],"about":[{"href":"https:\/\/red-onion-jazzband.de\/index.php?rest_route=\/wp\/v2\/types\/page"}],"author":[{"embeddable":true,"href":"https:\/\/red-onion-jazzband.de\/index.php?rest_route=\/wp\/v2\/users\/8"}],"replies":[{"embeddable":true,"href":"https:\/\/red-onion-jazzband.de\/index.php?rest_route=%2Fwp%2Fv2%2Fcomments&post=3486"}],"version-history":[{"count":2,"href":"https:\/\/red-onion-jazzband.de\/index.php?rest_route=\/wp\/v2\/pages\/3486\/revisions"}],"predecessor-version":[{"id":3523,"href":"https:\/\/red-onion-jazzband.de\/index.php?rest_route=\/wp\/v2\/pages\/3486\/revisions\/3523"}],"up":[{"embeddable":true,"href":"https:\/\/red-onion-jazzband.de\/index.php?rest_route=\/wp\/v2\/pages\/3469"}],"wp:attachment":[{"href":"https:\/\/red-onion-jazzband.de\/index.php?rest_route=%2Fwp%2Fv2%2Fmedia&parent=3486"}],"curies":[{"name":"wp","href":"https:\/\/api.w.org\/{rel}","templated":true}]}}