{"id":3474,"date":"2024-05-16T11:00:48","date_gmt":"2024-05-16T10:00:48","guid":{"rendered":"https:\/\/red-onion-jazzband.de\/?page_id=3474"},"modified":"2024-05-16T11:43:53","modified_gmt":"2024-05-16T10:43:53","slug":"cordula-clausen","status":"publish","type":"page","link":"https:\/\/red-onion-jazzband.de\/?page_id=3474","title":{"rendered":"Cordula Clausen"},"content":{"rendered":"\n<p class=\"has-white-color has-text-color has-link-color wp-elements-b6887169a06cd23460608c38ea7c8490\"><strong>Cordula Clausen wurde 1961 in Dattenfeld\/Sieg geboren. Sie erhielt mit vier Jahren ersten Instrumentalunterricht. Bis zum Abitur widmete sie sich intensiv dem Klavierspiel und hatte diverse Auftritte mit Kammermusik Ensembles. Darauf folgten zwei Jahre Studium der Musikwissenschaften an der Universit\u00e4t Bonn. Parallel dazu nahm sie an F\u00f6rderprogrammen der Musikschule Bonn teil. Dort erhielt sie Orgelunterricht bei <em>Rudolf Hahne,<\/em> Klavierunterricht bei <em>Justin Oprean<\/em> und zus\u00e4tzlich Klarinettenunterricht.<\/strong><br><strong>Neben der Erziehung ihrer f\u00fcnf Kinder besch\u00e4ftigte sich Cordula Clausen mit Jazzmusik und ist bis heute Mitglied in verschiedenen Bands. 2010 erhielt sie von der Hochschule f\u044cr Musik und Tanz in K\u00f6ln das Diplom als Musikp\u00e4dagogin im Fach Klavier. 2013 erwarb sie ebenfalls in K\u00f6ln den Bachelor of Music im Fach Schlagzeug mit Schwerpunkt Marimba und Vibraphon. Bei Red Onion Hot Jazz seit 2008.<\/strong><\/p>\n\n\n<div class=\"wp-block-image\">\n<figure class=\"aligncenter size-large is-resized\"><a href=\"https:\/\/red-onion-jazzband.de\/wp-content\/uploads\/2024\/05\/IMG_4867-e1715856199285.jpg\"><img loading=\"lazy\" decoding=\"async\" width=\"1024\" height=\"782\" src=\"https:\/\/red-onion-jazzband.de\/wp-content\/uploads\/2024\/05\/IMG_4867-e1715856199285-1024x782.jpg\" alt=\"\" class=\"wp-image-3518\" style=\"width:585px;height:auto\" srcset=\"https:\/\/red-onion-jazzband.de\/wp-content\/uploads\/2024\/05\/IMG_4867-e1715856199285-1024x782.jpg 1024w, https:\/\/red-onion-jazzband.de\/wp-content\/uploads\/2024\/05\/IMG_4867-e1715856199285-300x229.jpg 300w, https:\/\/red-onion-jazzband.de\/wp-content\/uploads\/2024\/05\/IMG_4867-e1715856199285-768x587.jpg 768w, https:\/\/red-onion-jazzband.de\/wp-content\/uploads\/2024\/05\/IMG_4867-e1715856199285.jpg 1350w\" sizes=\"auto, (max-width: 1024px) 100vw, 1024px\" \/><\/a><\/figure><\/div>\n\n\n<p class=\"has-white-color has-text-color has-link-color wp-elements-6a5cf1f82d0ed9892fc620c9a506ad4d\"><strong>Bands: <\/strong><br><strong>Red Onion Jazzband (Red Onion Hot Jazz \u2013 piano), Metropolsolisten (Tonfilm Evergreens und Schlager der 20er bis 40er Jahre \u2013 piano), Trio Sonitus (Klassik und alles, was Spa\u00df macht \u2013 Marimba)<\/strong><\/p>\n\n\n\n<p class=\"has-white-color has-text-color has-link-color wp-elements-40209d05600b8d80d0e48ba3777a67d8\"><strong>Diskographie: Red Onion Hot Jazz live im Jazzclub M\u00fclheim (DVD 2014), Keyhole Blues (Red Onion Hot Jazz 2019), Muleface Blues (Red Onion Hot Jazz 2022)<\/strong><\/p>\n","protected":false},"excerpt":{"rendered":"<p>Cordula Clausen wurde 1961 in Dattenfeld\/Sieg geboren. Sie erhielt mit vier Jahren ersten Instrumentalunterricht. Bis zum Abitur widmete sie sich intensiv dem Klavierspiel und hatte diverse Auftritte mit Kammermusik Ensembles.<a href=\"https:\/\/red-onion-jazzband.de\/?page_id=3474\" class=\"more-link\"><span class=\"readmore\">Continue reading<span class=\"screen-reader-text\">Cordula Clausen<\/span><\/span><\/a><\/p>\n","protected":false},"author":8,"featured_media":0,"parent":3469,"menu_order":2,"comment_status":"closed","ping_status":"closed","template":"","meta":{"footnotes":""},"class_list":["post-3474","page","type-page","status-publish","hentry"],"_links":{"self":[{"href":"https:\/\/red-onion-jazzband.de\/index.php?rest_route=\/wp\/v2\/pages\/3474","targetHints":{"allow":["GET"]}}],"collection":[{"href":"https:\/\/red-onion-jazzband.de\/index.php?rest_route=\/wp\/v2\/pages"}],"about":[{"href":"https:\/\/red-onion-jazzband.de\/index.php?rest_route=\/wp\/v2\/types\/page"}],"author":[{"embeddable":true,"href":"https:\/\/red-onion-jazzband.de\/index.php?rest_route=\/wp\/v2\/users\/8"}],"replies":[{"embeddable":true,"href":"https:\/\/red-onion-jazzband.de\/index.php?rest_route=%2Fwp%2Fv2%2Fcomments&post=3474"}],"version-history":[{"count":5,"href":"https:\/\/red-onion-jazzband.de\/index.php?rest_route=\/wp\/v2\/pages\/3474\/revisions"}],"predecessor-version":[{"id":3530,"href":"https:\/\/red-onion-jazzband.de\/index.php?rest_route=\/wp\/v2\/pages\/3474\/revisions\/3530"}],"up":[{"embeddable":true,"href":"https:\/\/red-onion-jazzband.de\/index.php?rest_route=\/wp\/v2\/pages\/3469"}],"wp:attachment":[{"href":"https:\/\/red-onion-jazzband.de\/index.php?rest_route=%2Fwp%2Fv2%2Fmedia&parent=3474"}],"curies":[{"name":"wp","href":"https:\/\/api.w.org\/{rel}","templated":true}]}}